{"id":14340,"date":"2025-03-27T12:46:35","date_gmt":"2025-03-27T12:46:35","guid":{"rendered":"https:\/\/hotel-bielmann.ro\/bielmann\/?page_id=14340"},"modified":"2025-03-28T06:56:50","modified_gmt":"2025-03-28T06:56:50","slug":"termeni-si-conditii-ro","status":"publish","type":"page","link":"https:\/\/hotel-bielmann.ro\/bielmann\/termeni-si-conditii-ro\/","title":{"rendered":"Termeni si conditii ro"},"content":{"rendered":"\t\t<div data-elementor-type=\"wp-page\" data-elementor-id=\"14340\" class=\"elementor elementor-14340\" data-elementor-post-type=\"page\">\n\t\t\t\t\t\t<section class=\"elementor-section elementor-top-section elementor-element elementor-element-921954c elementor-section-full_width elementor-section-height-min-height elementor-section-stretched elementor-section-content-top elementor-section-height-default elementor-section-items-middle\" data-id=\"921954c\" data-element_type=\"section\" data-e-type=\"section\" data-settings=\"{&quot;stretch_section&quot;:&quot;section-stretched&quot;,&quot;background_background&quot;:&quot;classic&quot;}\">\n\t\t\t\t\t\t\t<div class=\"elementor-background-overlay\"><\/div>\n\t\t\t\t\t\t\t<div class=\"elementor-container elementor-column-gap-default\">\n\t\t\t\t\t<div class=\"elementor-column elementor-col-100 elementor-top-column elementor-element elementor-element-7064b32\" data-id=\"7064b32\" data-element_type=\"column\" data-e-type=\"column\">\n\t\t\t<div class=\"elementor-widget-wrap\">\n\t\t\t\t\t\t\t<\/div>\n\t\t<\/div>\n\t\t\t\t\t<\/div>\n\t\t<\/section>\n\t\t\t\t<section class=\"elementor-section elementor-top-section elementor-element elementor-element-74f1b00 elementor-hidden-tablet elementor-section-full_width elementor-section-stretched elementor-hidden-desktop elementor-section-height-default elementor-section-height-default\" data-id=\"74f1b00\" data-element_type=\"section\" data-e-type=\"section\" data-settings=\"{&quot;background_background&quot;:&quot;classic&quot;,&quot;stretch_section&quot;:&quot;section-stretched&quot;}\">\n\t\t\t\t\t\t<div class=\"elementor-container elementor-column-gap-default\">\n\t\t\t\t\t<div class=\"elementor-column elementor-col-100 elementor-top-column elementor-element elementor-element-838906d\" data-id=\"838906d\" data-element_type=\"column\" data-e-type=\"column\">\n\t\t\t<div class=\"elementor-widget-wrap elementor-element-populated\">\n\t\t\t\t\t\t<section class=\"elementor-section elementor-inner-section elementor-element elementor-element-77fef30 elementor-section-boxed elementor-section-height-default elementor-section-height-default\" data-id=\"77fef30\" data-element_type=\"section\" data-e-type=\"section\">\n\t\t\t\t\t\t<div class=\"elementor-container elementor-column-gap-default\">\n\t\t\t\t\t<div class=\"elementor-column elementor-col-100 elementor-inner-column elementor-element elementor-element-5dccbd5\" data-id=\"5dccbd5\" data-element_type=\"column\" data-e-type=\"column\">\n\t\t\t<div class=\"elementor-widget-wrap elementor-element-populated\">\n\t\t\t\t\t\t<div class=\"elementor-element elementor-element-a185171 elementor-align-center elementor-widget elementor-widget-heading\" data-id=\"a185171\" data-element_type=\"widget\" data-e-type=\"widget\" data-widget_type=\"heading.default\">\n\t\t\t\t<div class=\"elementor-widget-container\">\n\t\t\t\t\t<span class=\"sub-title\">HOTEL BIELMANN<\/span><h2 class=\"elementor-heading-title elementor-size-default\">Termeni \u0219i condi\u021bii<\/h2>\t\t\t\t<\/div>\n\t\t\t\t<\/div>\n\t\t\t\t<div class=\"elementor-element elementor-element-cdf99a6 elementor-widget-divider--view-line elementor-widget elementor-widget-divider\" data-id=\"cdf99a6\" data-element_type=\"widget\" data-e-type=\"widget\" data-widget_type=\"divider.default\">\n\t\t\t\t<div class=\"elementor-widget-container\">\n\t\t\t\t\t\t\t<div class=\"elementor-divider\">\n\t\t\t<span class=\"elementor-divider-separator\">\n\t\t\t\t\t\t<\/span>\n\t\t<\/div>\n\t\t\t\t\t\t<\/div>\n\t\t\t\t<\/div>\n\t\t\t\t\t<\/div>\n\t\t<\/div>\n\t\t\t\t\t<\/div>\n\t\t<\/section>\n\t\t\t\t\t<\/div>\n\t\t<\/div>\n\t\t\t\t\t<\/div>\n\t\t<\/section>\n\t\t\t\t<section class=\"elementor-section elementor-top-section elementor-element elementor-element-42949bd elementor-hidden-mobile elementor-section-boxed elementor-section-height-default elementor-section-height-default\" data-id=\"42949bd\" data-element_type=\"section\" data-e-type=\"section\" data-settings=\"{&quot;background_background&quot;:&quot;classic&quot;}\">\n\t\t\t\t\t\t<div class=\"elementor-container elementor-column-gap-default\">\n\t\t\t\t\t<div class=\"elementor-column elementor-col-100 elementor-top-column elementor-element elementor-element-e80fa19\" data-id=\"e80fa19\" data-element_type=\"column\" data-e-type=\"column\">\n\t\t\t<div class=\"elementor-widget-wrap elementor-element-populated\">\n\t\t\t\t\t\t<section class=\"elementor-section elementor-inner-section elementor-element elementor-element-81e6e85 elementor-section-boxed elementor-section-height-default elementor-section-height-default\" data-id=\"81e6e85\" data-element_type=\"section\" data-e-type=\"section\">\n\t\t\t\t\t\t<div class=\"elementor-container elementor-column-gap-default\">\n\t\t\t\t\t<div class=\"elementor-column elementor-col-100 elementor-inner-column elementor-element elementor-element-b7e59db\" data-id=\"b7e59db\" data-element_type=\"column\" data-e-type=\"column\">\n\t\t\t<div class=\"elementor-widget-wrap elementor-element-populated\">\n\t\t\t\t\t\t<div class=\"elementor-element elementor-element-b8eecb1 elementor-align-center elementor-widget elementor-widget-heading\" data-id=\"b8eecb1\" data-element_type=\"widget\" data-e-type=\"widget\" data-widget_type=\"heading.default\">\n\t\t\t\t<div class=\"elementor-widget-container\">\n\t\t\t\t\t<span class=\"sub-title\">HOTEL BIELMANN<\/span><h2 class=\"elementor-heading-title elementor-size-default\">Termeni \u0219i condi\u021bii<\/h2>\t\t\t\t<\/div>\n\t\t\t\t<\/div>\n\t\t\t\t<div class=\"elementor-element elementor-element-cac08f8 elementor-widget-divider--view-line elementor-widget elementor-widget-divider\" data-id=\"cac08f8\" data-element_type=\"widget\" data-e-type=\"widget\" data-widget_type=\"divider.default\">\n\t\t\t\t<div class=\"elementor-widget-container\">\n\t\t\t\t\t\t\t<div class=\"elementor-divider\">\n\t\t\t<span class=\"elementor-divider-separator\">\n\t\t\t\t\t\t<\/span>\n\t\t<\/div>\n\t\t\t\t\t\t<\/div>\n\t\t\t\t<\/div>\n\t\t\t\t\t<\/div>\n\t\t<\/div>\n\t\t\t\t\t<\/div>\n\t\t<\/section>\n\t\t\t\t\t<\/div>\n\t\t<\/div>\n\t\t\t\t\t<\/div>\n\t\t<\/section>\n\t\t\t\t<section class=\"elementor-section elementor-top-section elementor-element elementor-element-9bdfa47 elementor-section-boxed elementor-section-height-default elementor-section-height-default\" data-id=\"9bdfa47\" data-element_type=\"section\" data-e-type=\"section\">\n\t\t\t\t\t\t<div class=\"elementor-container elementor-column-gap-default\">\n\t\t\t\t\t<div class=\"elementor-column elementor-col-100 elementor-top-column elementor-element elementor-element-f161011\" data-id=\"f161011\" data-element_type=\"column\" data-e-type=\"column\">\n\t\t\t<div class=\"elementor-widget-wrap elementor-element-populated\">\n\t\t\t\t\t\t<div class=\"elementor-element elementor-element-2b2811c elementor-widget elementor-widget-spacer\" data-id=\"2b2811c\" data-element_type=\"widget\" data-e-type=\"widget\" data-widget_type=\"spacer.default\">\n\t\t\t\t<div class=\"elementor-widget-container\">\n\t\t\t\t\t\t\t<div class=\"elementor-spacer\">\n\t\t\t<div class=\"elementor-spacer-inner\"><\/div>\n\t\t<\/div>\n\t\t\t\t\t\t<\/div>\n\t\t\t\t<\/div>\n\t\t\t\t\t<\/div>\n\t\t<\/div>\n\t\t\t\t\t<\/div>\n\t\t<\/section>\n\t\t\t\t<section class=\"elementor-section elementor-top-section elementor-element elementor-element-b32271b elementor-section-boxed elementor-section-height-default elementor-section-height-default\" data-id=\"b32271b\" data-element_type=\"section\" data-e-type=\"section\">\n\t\t\t\t\t\t<div class=\"elementor-container elementor-column-gap-default\">\n\t\t\t\t\t<div class=\"elementor-column elementor-col-100 elementor-top-column elementor-element elementor-element-0331ce0\" data-id=\"0331ce0\" data-element_type=\"column\" data-e-type=\"column\">\n\t\t\t<div class=\"elementor-widget-wrap elementor-element-populated\">\n\t\t\t\t\t\t<div class=\"elementor-element elementor-element-5c18a62 elementor-widget elementor-widget-text-editor\" data-id=\"5c18a62\" data-element_type=\"widget\" data-e-type=\"widget\" data-widget_type=\"text-editor.default\">\n\t\t\t\t<div class=\"elementor-widget-container\">\n\t\t\t\t\t        <div class=\"elementor-text-editor elementor-clearfix\"><p><strong>Hotel Bielmann<\/strong>\u00a0garanteaz\u0103 securitatea \u015fi confiden\u0163ialitatea tuturor datelor g\u0103zduite \u015fi transmise prin sistemul s\u0103u informatic. Datele dvs. personale vor putea fi \u00eens\u0103 transmise autorit\u0103\u0163ilor \u00een drept s\u0103 verifice tranzac\u0163iile comerciale sau altor autorit\u0103\u0163i \u00een drept s\u0103 efectueze orice verific\u0103ri justificate \u00een baza legii, dac\u0103 acest lucru va fi solicitat \u00een conformitate cu legile \u00een vigoare.<\/p><p><strong>Conditii garantare rezervare<\/strong><\/p><ul><li>Pentru rezerv\u0103rile garantate sau nepl\u0103tite \u00een avans:<\/li><li>Dac\u0103 \u00een confirmarea scris\u0103 primit\u0103 de la hotel nu sunt alte condi\u021bii specificate, atunci:<\/li><li>Termenul de anulare al unei rezerv\u0103ri f\u0103r\u0103 a se percepe penalit\u0103\u021bi, este cu 7 zile \u00eenainte de sosire.<\/li><li>Avansul achitat se restituie \u00een termen de 30 de zile de la cererea de anulare.<\/li><li>Pentru anul\u0103rile f\u0103cute \u00eentr-un interval mai mic de \u0219apte zile \u00eenainte de sosire sau \u00een caz de neprezentare, se percepe \u00eentreaga contravaloare a rezerv\u0103rii, sum\u0103 care se re\u021bine din avansul pl\u0103tit.<\/li><li>\u00cen caz de neprezentare hotelul \u00ee\u0219i rezerv\u0103 dreptul de a elibera camera\/camerele pentru restul sejurului.<\/li><li>Rezervarile negarantate sunt retinute de hotel pana la ora 15, in ziua sosirii, dupa care hotelul isi rezerva dreptul de a elibera camera retinut\u0103 fara notificare prealabila.<\/li><li>Tarifele includ: \u2013 mic-dejun tip bufet suedez care se poate servi zilnic intre 7 a.m-10:30 a.m si TVA (9%) si tax\u0103 local\u0103 (1%)<\/li><li>Plata se face in lei la cursul BNR din data emiterii facturii.<\/li><li>Check in : dupa 02.00pm Check out : pana la 12.00.pm<\/li><li>Rezervarile garantate cu carte de credit sau de catre companie\/agentie vor fi retinute toata noaptea.<\/li><li>Termenul de anulare al unei rezervari, fara a se percepe penalitati, este ora 12 :00 p.m cu o zi inainte de sosire.<\/li><li>Pentru anularile facute intr-un interval mai mic de 24h sau in caz de neprezentare , se percepe contravaloarea primei nopti de cazare de la compania\/agentia\/cartea de credit oferita ca si garantie.<\/li><li>Pentru rezervarile solicitate in perioada sarbatorilor legale, sau a targurilor, Hotelul isi rezerva dreptul de a solicita, pentru garantarea rezervarii, datele unui card de credit valid sau a unui depozit reprezentand contravaloarea primei nopti de cazare.<\/li><\/ul><p>Vizitatorii acestui site, precum si oaspetii nostrii iau la cunostiinta si sunt de acord cu termenii si conditiile sus mentionate.<\/p><\/div>\n        \t\t\t\t<\/div>\n\t\t\t\t<\/div>\n\t\t\t\t\t<\/div>\n\t\t<\/div>\n\t\t\t\t\t<\/div>\n\t\t<\/section>\n\t\t\t\t<\/div>\n\t\t","protected":false},"excerpt":{"rendered":"<p>HOTEL BIELMANN Termeni \u0219i condi\u021bii HOTEL BIELMANN Termeni \u0219i condi\u021bii Hotel Bielmann\u00a0garanteaz\u0103 securitatea \u015fi confiden\u0163ialitatea tuturor datelor g\u0103zduite \u015fi transmise prin sistemul s\u0103u informatic. Datele dvs. personale vor putea fi \u00eens\u0103 transmise autorit\u0103\u0163ilor \u00een drept s\u0103 verifice tranzac\u0163iile comerciale sau altor autorit\u0103\u0163i \u00een drept s\u0103 efectueze orice verific\u0103ri justificate \u00een baza legii, dac\u0103 acest lucru &hellip; <span class=\"more-link-wrap\"><a href=\"https:\/\/hotel-bielmann.ro\/bielmann\/termeni-si-conditii-ro\/\" class=\"more-link\">Read More <span class=\"screen-reader-text\"> &#8220;Termeni si conditii ro&#8221;<\/span><\/a><\/span><\/p>\n","protected":false},"author":1,"featured_media":0,"parent":0,"menu_order":0,"comment_status":"closed","ping_status":"closed","template":"","meta":{"_acf_changed":false,"inline_featured_image":false,"footnotes":""},"class_list":["post-14340","page","type-page","status-publish","hentry"],"acf":[],"yoast_head":"<!-- This site is optimized with the Yoast SEO plugin v24.2 - https:\/\/yoast.com\/wordpress\/plugins\/seo\/ -->\n<title>Termeni si conditii ro - Hotel Bielmann<\/title>\n<meta name=\"robots\" content=\"index, follow, max-snippet:-1, max-image-preview:large, max-video-preview:-1\" \/>\n<link rel=\"canonical\" href=\"https:\/\/hotel-bielmann.ro\/bielmann\/termeni-si-conditii-ro\/\" \/>\n<meta property=\"og:locale\" content=\"en_US\" \/>\n<meta property=\"og:type\" content=\"article\" \/>\n<meta property=\"og:title\" content=\"Termeni si conditii ro - Hotel Bielmann\" \/>\n<meta property=\"og:description\" content=\"HOTEL BIELMANN Termeni \u0219i condi\u021bii HOTEL BIELMANN Termeni \u0219i condi\u021bii Hotel Bielmann\u00a0garanteaz\u0103 securitatea \u015fi confiden\u0163ialitatea tuturor datelor g\u0103zduite \u015fi transmise prin sistemul s\u0103u informatic. Datele dvs. personale vor putea fi \u00eens\u0103 transmise autorit\u0103\u0163ilor \u00een drept s\u0103 verifice tranzac\u0163iile comerciale sau altor autorit\u0103\u0163i \u00een drept s\u0103 efectueze orice verific\u0103ri justificate \u00een baza legii, dac\u0103 acest lucru &hellip; Read More &quot;Termeni si conditii ro&quot;\" \/>\n<meta property=\"og:url\" content=\"https:\/\/hotel-bielmann.ro\/bielmann\/termeni-si-conditii-ro\/\" \/>\n<meta property=\"og:site_name\" content=\"Hotel Bielmann\" \/>\n<meta property=\"article:modified_time\" content=\"2025-03-28T06:56:50+00:00\" \/>\n<meta name=\"twitter:card\" content=\"summary_large_image\" \/>\n<meta name=\"twitter:label1\" content=\"Est. reading time\" \/>\n\t<meta name=\"twitter:data1\" content=\"2 minutes\" \/>\n<script type=\"application\/ld+json\" class=\"yoast-schema-graph\">{\"@context\":\"https:\/\/schema.org\",\"@graph\":[{\"@type\":\"WebPage\",\"@id\":\"https:\/\/hotel-bielmann.ro\/bielmann\/termeni-si-conditii-ro\/\",\"url\":\"https:\/\/hotel-bielmann.ro\/bielmann\/termeni-si-conditii-ro\/\",\"name\":\"Termeni si conditii ro - Hotel Bielmann\",\"isPartOf\":{\"@id\":\"https:\/\/hotel-bielmann.ro\/bielmann\/#website\"},\"datePublished\":\"2025-03-27T12:46:35+00:00\",\"dateModified\":\"2025-03-28T06:56:50+00:00\",\"breadcrumb\":{\"@id\":\"https:\/\/hotel-bielmann.ro\/bielmann\/termeni-si-conditii-ro\/#breadcrumb\"},\"inLanguage\":\"en-US\",\"potentialAction\":[{\"@type\":\"ReadAction\",\"target\":[\"https:\/\/hotel-bielmann.ro\/bielmann\/termeni-si-conditii-ro\/\"]}]},{\"@type\":\"BreadcrumbList\",\"@id\":\"https:\/\/hotel-bielmann.ro\/bielmann\/termeni-si-conditii-ro\/#breadcrumb\",\"itemListElement\":[{\"@type\":\"ListItem\",\"position\":1,\"name\":\"Home\",\"item\":\"https:\/\/hotel-bielmann.ro\/bielmann\/\"},{\"@type\":\"ListItem\",\"position\":2,\"name\":\"Termeni si conditii ro\"}]},{\"@type\":\"WebSite\",\"@id\":\"https:\/\/hotel-bielmann.ro\/bielmann\/#website\",\"url\":\"https:\/\/hotel-bielmann.ro\/bielmann\/\",\"name\":\"Hotel Bielmann\",\"description\":\"Cazare-Sala de nunta-Organizare evenimente\",\"publisher\":{\"@id\":\"https:\/\/hotel-bielmann.ro\/bielmann\/#organization\"},\"potentialAction\":[{\"@type\":\"SearchAction\",\"target\":{\"@type\":\"EntryPoint\",\"urlTemplate\":\"https:\/\/hotel-bielmann.ro\/bielmann\/?s={search_term_string}\"},\"query-input\":{\"@type\":\"PropertyValueSpecification\",\"valueRequired\":true,\"valueName\":\"search_term_string\"}}],\"inLanguage\":\"en-US\"},{\"@type\":\"Organization\",\"@id\":\"https:\/\/hotel-bielmann.ro\/bielmann\/#organization\",\"name\":\"Hotel Bielmann\",\"url\":\"https:\/\/hotel-bielmann.ro\/bielmann\/\",\"logo\":{\"@type\":\"ImageObject\",\"inLanguage\":\"en-US\",\"@id\":\"https:\/\/hotel-bielmann.ro\/bielmann\/#\/schema\/logo\/image\/\",\"url\":\"https:\/\/hotel-bielmann.ro\/bielmann\/wp-content\/uploads\/2019\/07\/cropped-sigla.jpg\",\"contentUrl\":\"https:\/\/hotel-bielmann.ro\/bielmann\/wp-content\/uploads\/2019\/07\/cropped-sigla.jpg\",\"width\":340,\"height\":104,\"caption\":\"Hotel Bielmann\"},\"image\":{\"@id\":\"https:\/\/hotel-bielmann.ro\/bielmann\/#\/schema\/logo\/image\/\"}}]}<\/script>\n<!-- \/ Yoast SEO plugin. -->","yoast_head_json":{"title":"Termeni si conditii ro - Hotel Bielmann","robots":{"index":"index","follow":"follow","max-snippet":"max-snippet:-1","max-image-preview":"max-image-preview:large","max-video-preview":"max-video-preview:-1"},"canonical":"https:\/\/hotel-bielmann.ro\/bielmann\/termeni-si-conditii-ro\/","og_locale":"en_US","og_type":"article","og_title":"Termeni si conditii ro - Hotel Bielmann","og_description":"HOTEL BIELMANN Termeni \u0219i condi\u021bii HOTEL BIELMANN Termeni \u0219i condi\u021bii Hotel Bielmann\u00a0garanteaz\u0103 securitatea \u015fi confiden\u0163ialitatea tuturor datelor g\u0103zduite \u015fi transmise prin sistemul s\u0103u informatic. Datele dvs. personale vor putea fi \u00eens\u0103 transmise autorit\u0103\u0163ilor \u00een drept s\u0103 verifice tranzac\u0163iile comerciale sau altor autorit\u0103\u0163i \u00een drept s\u0103 efectueze orice verific\u0103ri justificate \u00een baza legii, dac\u0103 acest lucru &hellip; Read More \"Termeni si conditii ro\"","og_url":"https:\/\/hotel-bielmann.ro\/bielmann\/termeni-si-conditii-ro\/","og_site_name":"Hotel Bielmann","article_modified_time":"2025-03-28T06:56:50+00:00","twitter_card":"summary_large_image","twitter_misc":{"Est. reading time":"2 minutes"},"schema":{"@context":"https:\/\/schema.org","@graph":[{"@type":"WebPage","@id":"https:\/\/hotel-bielmann.ro\/bielmann\/termeni-si-conditii-ro\/","url":"https:\/\/hotel-bielmann.ro\/bielmann\/termeni-si-conditii-ro\/","name":"Termeni si conditii ro - Hotel Bielmann","isPartOf":{"@id":"https:\/\/hotel-bielmann.ro\/bielmann\/#website"},"datePublished":"2025-03-27T12:46:35+00:00","dateModified":"2025-03-28T06:56:50+00:00","breadcrumb":{"@id":"https:\/\/hotel-bielmann.ro\/bielmann\/termeni-si-conditii-ro\/#breadcrumb"},"inLanguage":"en-US","potentialAction":[{"@type":"ReadAction","target":["https:\/\/hotel-bielmann.ro\/bielmann\/termeni-si-conditii-ro\/"]}]},{"@type":"BreadcrumbList","@id":"https:\/\/hotel-bielmann.ro\/bielmann\/termeni-si-conditii-ro\/#breadcrumb","itemListElement":[{"@type":"ListItem","position":1,"name":"Home","item":"https:\/\/hotel-bielmann.ro\/bielmann\/"},{"@type":"ListItem","position":2,"name":"Termeni si conditii ro"}]},{"@type":"WebSite","@id":"https:\/\/hotel-bielmann.ro\/bielmann\/#website","url":"https:\/\/hotel-bielmann.ro\/bielmann\/","name":"Hotel Bielmann","description":"Cazare-Sala de nunta-Organizare evenimente","publisher":{"@id":"https:\/\/hotel-bielmann.ro\/bielmann\/#organization"},"potentialAction":[{"@type":"SearchAction","target":{"@type":"EntryPoint","urlTemplate":"https:\/\/hotel-bielmann.ro\/bielmann\/?s={search_term_string}"},"query-input":{"@type":"PropertyValueSpecification","valueRequired":true,"valueName":"search_term_string"}}],"inLanguage":"en-US"},{"@type":"Organization","@id":"https:\/\/hotel-bielmann.ro\/bielmann\/#organization","name":"Hotel Bielmann","url":"https:\/\/hotel-bielmann.ro\/bielmann\/","logo":{"@type":"ImageObject","inLanguage":"en-US","@id":"https:\/\/hotel-bielmann.ro\/bielmann\/#\/schema\/logo\/image\/","url":"https:\/\/hotel-bielmann.ro\/bielmann\/wp-content\/uploads\/2019\/07\/cropped-sigla.jpg","contentUrl":"https:\/\/hotel-bielmann.ro\/bielmann\/wp-content\/uploads\/2019\/07\/cropped-sigla.jpg","width":340,"height":104,"caption":"Hotel Bielmann"},"image":{"@id":"https:\/\/hotel-bielmann.ro\/bielmann\/#\/schema\/logo\/image\/"}}]}},"_links":{"self":[{"href":"https:\/\/hotel-bielmann.ro\/bielmann\/wp-json\/wp\/v2\/pages\/14340","targetHints":{"allow":["GET"]}}],"collection":[{"href":"https:\/\/hotel-bielmann.ro\/bielmann\/wp-json\/wp\/v2\/pages"}],"about":[{"href":"https:\/\/hotel-bielmann.ro\/bielmann\/wp-json\/wp\/v2\/types\/page"}],"author":[{"embeddable":true,"href":"https:\/\/hotel-bielmann.ro\/bielmann\/wp-json\/wp\/v2\/users\/1"}],"replies":[{"embeddable":true,"href":"https:\/\/hotel-bielmann.ro\/bielmann\/wp-json\/wp\/v2\/comments?post=14340"}],"version-history":[{"count":25,"href":"https:\/\/hotel-bielmann.ro\/bielmann\/wp-json\/wp\/v2\/pages\/14340\/revisions"}],"predecessor-version":[{"id":14423,"href":"https:\/\/hotel-bielmann.ro\/bielmann\/wp-json\/wp\/v2\/pages\/14340\/revisions\/14423"}],"wp:attachment":[{"href":"https:\/\/hotel-bielmann.ro\/bielmann\/wp-json\/wp\/v2\/media?parent=14340"}],"curies":[{"name":"wp","href":"https:\/\/api.w.org\/{rel}","templated":true}]}}